{"id":716,"date":"2024-05-06T22:13:33","date_gmt":"2024-05-06T22:13:33","guid":{"rendered":"https:\/\/bafrapidecoskunkuru.com\/?page_id=716"},"modified":"2024-05-06T22:13:33","modified_gmt":"2024-05-06T22:13:33","slug":"online-alisveris","status":"publish","type":"page","link":"https:\/\/bafrapidecoskunkuru.com\/index.php\/online-alisveris\/","title":{"rendered":"Online Al\u0131\u015fveri\u015f"},"content":{"rendered":"<section class=\"wpb-content-wrapper\"><div class=\"vc_row wpb_row row top-row\"><div class=\"vc_column_container col-md-12\"><div class=\"wpb_wrapper vc_column-inner\"><div class=\"woocommerce columns-4 \"><ul class=\"products products-container grid pcols-lg-4 pcols-md-3 pcols-xs-3 pcols-ls-2 pwidth-lg-4 pwidth-md-3 pwidth-xs-2 pwidth-ls-1 is-shortcode\"\r\n\t data-product_layout=\"product-default\">\r\n\r\n<li class=\"product-col product-default product type-product post-909 status-publish first instock product_cat-online-urunler shipping-taxable purchasable product-type-variable\">\r\n<div class=\"product-inner\">\r\n\t\r\n\t<div class=\"product-image\">\r\n\r\n\t\t<a  href=\"https:\/\/bafrapidecoskunkuru.com\/index.php\/product\/bal\/\" aria-label=\"product\">\r\n\t\t\t<div class=\"inner\"><img loading=\"lazy\" decoding=\"async\" width=\"300\" height=\"300\" src=\"https:\/\/bafrapidecoskunkuru.com\/wp-content\/uploads\/woocommerce-placeholder-300x300.png\" class=\"woocommerce-placeholder wp-post-image\" alt=\"Yer tutucu\" \/><\/div>\t\t<\/a>\r\n\t\t\t<\/div>\r\n\r\n\t<div class=\"product-content\">\r\n\t\t<span class=\"category-list\"><a href=\"https:\/\/bafrapidecoskunkuru.com\/index.php\/product-category\/online-urunler\/\" rel=\"tag\">Online \u00dcr\u00fcnler<\/a><\/span>\r\n\t\t\t<a class=\"product-loop-title\"  href=\"https:\/\/bafrapidecoskunkuru.com\/index.php\/product\/bal\/\">\r\n\t<h3 class=\"woocommerce-loop-product__title\">BAL<\/h3>\t<\/a>\r\n\t\r\n\t\t\r\n\t\t\t<\/div>\r\n<\/div>\r\n<\/li>\r\n<\/ul>\r\n<\/div><\/div><\/div><\/div>\n<\/section>","protected":false},"excerpt":{"rendered":"Online \u00dcr\u00fcnler BAL","protected":false},"author":1,"featured_media":0,"parent":0,"menu_order":0,"comment_status":"closed","ping_status":"closed","template":"","meta":{"footnotes":""},"class_list":["post-716","page","type-page","status-publish","hentry"],"acf":[],"_links":{"self":[{"href":"https:\/\/bafrapidecoskunkuru.com\/index.php\/wp-json\/wp\/v2\/pages\/716","targetHints":{"allow":["GET"]}}],"collection":[{"href":"https:\/\/bafrapidecoskunkuru.com\/index.php\/wp-json\/wp\/v2\/pages"}],"about":[{"href":"https:\/\/bafrapidecoskunkuru.com\/index.php\/wp-json\/wp\/v2\/types\/page"}],"author":[{"embeddable":true,"href":"https:\/\/bafrapidecoskunkuru.com\/index.php\/wp-json\/wp\/v2\/users\/1"}],"replies":[{"embeddable":true,"href":"https:\/\/bafrapidecoskunkuru.com\/index.php\/wp-json\/wp\/v2\/comments?post=716"}],"version-history":[{"count":1,"href":"https:\/\/bafrapidecoskunkuru.com\/index.php\/wp-json\/wp\/v2\/pages\/716\/revisions"}],"predecessor-version":[{"id":717,"href":"https:\/\/bafrapidecoskunkuru.com\/index.php\/wp-json\/wp\/v2\/pages\/716\/revisions\/717"}],"wp:attachment":[{"href":"https:\/\/bafrapidecoskunkuru.com\/index.php\/wp-json\/wp\/v2\/media?parent=716"}],"curies":[{"name":"wp","href":"https:\/\/api.w.org\/{rel}","templated":true}]}}