{"id":492,"date":"2024-01-03T20:55:02","date_gmt":"2024-01-03T20:55:02","guid":{"rendered":"https:\/\/bafrapidecoskunkuru.com\/?post_type=product&#038;p=492"},"modified":"2026-02-23T14:17:55","modified_gmt":"2026-02-23T14:17:55","slug":"klasik-kiymali","status":"publish","type":"product","link":"https:\/\/bafrapidecoskunkuru.com\/index.php\/product\/klasik-kiymali\/","title":{"rendered":"KLAS\u0130K KIYMALI"},"content":{"rendered":"<p class=\"mpd-body--description\">Odun Ate\u015finde, Ek\u015fi Mayadan, Lifli Esmer Un, Bal\u0131kesir Y\u00f6resi Dana Eti, Trabzon Yay\u0131k Tereya\u011f\u0131<\/p>\n","protected":false},"excerpt":{"rendered":"<p>Odun Ate\u015finde, Ek\u015fi Mayadan, Lifli Esmer Un, Bal\u0131kesir Y\u00f6resi Dana Eti, Trabzon Yay\u0131k Tereya\u011f\u0131<\/p>\n","protected":false},"featured_media":547,"comment_status":"closed","ping_status":"closed","template":"","meta":[],"product_cat":[23],"product_tag":[],"class_list":["post-492","product","type-product","status-publish","has-post-thumbnail","hentry","product_cat-kapali-pideler"],"acf":[],"_links":{"self":[{"href":"https:\/\/bafrapidecoskunkuru.com\/index.php\/wp-json\/wp\/v2\/product\/492","targetHints":{"allow":["GET"]}}],"collection":[{"href":"https:\/\/bafrapidecoskunkuru.com\/index.php\/wp-json\/wp\/v2\/product"}],"about":[{"href":"https:\/\/bafrapidecoskunkuru.com\/index.php\/wp-json\/wp\/v2\/types\/product"}],"replies":[{"embeddable":true,"href":"https:\/\/bafrapidecoskunkuru.com\/index.php\/wp-json\/wp\/v2\/comments?post=492"}],"wp:featuredmedia":[{"embeddable":true,"href":"https:\/\/bafrapidecoskunkuru.com\/index.php\/wp-json\/wp\/v2\/media\/547"}],"wp:attachment":[{"href":"https:\/\/bafrapidecoskunkuru.com\/index.php\/wp-json\/wp\/v2\/media?parent=492"}],"wp:term":[{"taxonomy":"product_cat","embeddable":true,"href":"https:\/\/bafrapidecoskunkuru.com\/index.php\/wp-json\/wp\/v2\/product_cat?post=492"},{"taxonomy":"product_tag","embeddable":true,"href":"https:\/\/bafrapidecoskunkuru.com\/index.php\/wp-json\/wp\/v2\/product_tag?post=492"}],"curies":[{"name":"wp","href":"https:\/\/api.w.org\/{rel}","templated":true}]}}