{"id":553,"date":"2024-04-04T22:00:11","date_gmt":"2024-04-04T22:00:11","guid":{"rendered":"https:\/\/bafrapidecoskunkuru.com\/?post_type=product&#038;p=553"},"modified":"2026-02-23T14:16:23","modified_gmt":"2026-02-23T14:16:23","slug":"donerli","status":"publish","type":"product","link":"https:\/\/bafrapidecoskunkuru.com\/index.php\/product\/donerli\/","title":{"rendered":"D\u00d6NERL\u0130"},"content":{"rendered":"<p class=\"mpd-body--description\">Odun Ate\u015finde, Ek\u015fi Mayadan, Lifli Esmer Un , \u00d6zel Ya\u011fs\u0131z Yaprak Et D\u00f6ner , Trabzon Yay\u0131k Tereya\u011f\u0131<\/p>\n<div class=\"mpd-body--price-wrapper \"><\/div>\n","protected":false},"excerpt":{"rendered":"<p class=\"mpd-body--description\">Odun Ate\u015finde, Ek\u015fi Mayadan, Lifli Esmer Un , \u00d6zel Ya\u011fs\u0131z Yaprak Et D\u00f6ner , Trabzon Yay\u0131k Tereya\u011f\u0131<\/p>\n<div class=\"mpd-body--price-wrapper \"><\/div>\n","protected":false},"featured_media":549,"comment_status":"closed","ping_status":"closed","template":"","meta":[],"product_cat":[23],"product_tag":[],"class_list":["post-553","product","type-product","status-publish","has-post-thumbnail","hentry","product_cat-kapali-pideler"],"acf":[],"_links":{"self":[{"href":"https:\/\/bafrapidecoskunkuru.com\/index.php\/wp-json\/wp\/v2\/product\/553","targetHints":{"allow":["GET"]}}],"collection":[{"href":"https:\/\/bafrapidecoskunkuru.com\/index.php\/wp-json\/wp\/v2\/product"}],"about":[{"href":"https:\/\/bafrapidecoskunkuru.com\/index.php\/wp-json\/wp\/v2\/types\/product"}],"replies":[{"embeddable":true,"href":"https:\/\/bafrapidecoskunkuru.com\/index.php\/wp-json\/wp\/v2\/comments?post=553"}],"wp:featuredmedia":[{"embeddable":true,"href":"https:\/\/bafrapidecoskunkuru.com\/index.php\/wp-json\/wp\/v2\/media\/549"}],"wp:attachment":[{"href":"https:\/\/bafrapidecoskunkuru.com\/index.php\/wp-json\/wp\/v2\/media?parent=553"}],"wp:term":[{"taxonomy":"product_cat","embeddable":true,"href":"https:\/\/bafrapidecoskunkuru.com\/index.php\/wp-json\/wp\/v2\/product_cat?post=553"},{"taxonomy":"product_tag","embeddable":true,"href":"https:\/\/bafrapidecoskunkuru.com\/index.php\/wp-json\/wp\/v2\/product_tag?post=553"}],"curies":[{"name":"wp","href":"https:\/\/api.w.org\/{rel}","templated":true}]}}