{"id":556,"date":"2024-04-04T22:01:40","date_gmt":"2024-04-04T22:01:40","guid":{"rendered":"https:\/\/bafrapidecoskunkuru.com\/?post_type=product&#038;p=556"},"modified":"2026-02-23T14:15:24","modified_gmt":"2026-02-23T14:15:24","slug":"yoresel-peynirli","status":"publish","type":"product","link":"https:\/\/bafrapidecoskunkuru.com\/index.php\/product\/yoresel-peynirli\/","title":{"rendered":"Y\u00d6RESEL PEYN\u0130RL\u0130"},"content":{"rendered":"<p class=\"mpd-body--description\">Odun Ate\u015finde, Ek\u015fi Mayadan, Lifli Esmer Un, Ezine Beyaz , Bafra K\u00f6y, Tel Peyniri, G\u00f6yn\u00fck Yumurtas\u0131, Trabzon Yay\u0131k Tereya\u011f\u0131<\/p>\n<div class=\"mpd-body--price-wrapper \"><\/div>\n","protected":false},"excerpt":{"rendered":"<p class=\"mpd-body--description\">Odun Ate\u015finde, Ek\u015fi Mayadan, Lifli Esmer Un, Ezine Beyaz , Bafra K\u00f6y, Tel Peyniri, G\u00f6yn\u00fck Yumurtas\u0131, Trabzon Yay\u0131k Tereya\u011f\u0131<\/p>\n<div class=\"mpd-body--price-wrapper \"><\/div>\n","protected":false},"featured_media":559,"comment_status":"closed","ping_status":"closed","template":"","meta":[],"product_cat":[23],"product_tag":[],"class_list":["post-556","product","type-product","status-publish","has-post-thumbnail","hentry","product_cat-kapali-pideler"],"acf":[],"_links":{"self":[{"href":"https:\/\/bafrapidecoskunkuru.com\/index.php\/wp-json\/wp\/v2\/product\/556","targetHints":{"allow":["GET"]}}],"collection":[{"href":"https:\/\/bafrapidecoskunkuru.com\/index.php\/wp-json\/wp\/v2\/product"}],"about":[{"href":"https:\/\/bafrapidecoskunkuru.com\/index.php\/wp-json\/wp\/v2\/types\/product"}],"replies":[{"embeddable":true,"href":"https:\/\/bafrapidecoskunkuru.com\/index.php\/wp-json\/wp\/v2\/comments?post=556"}],"wp:featuredmedia":[{"embeddable":true,"href":"https:\/\/bafrapidecoskunkuru.com\/index.php\/wp-json\/wp\/v2\/media\/559"}],"wp:attachment":[{"href":"https:\/\/bafrapidecoskunkuru.com\/index.php\/wp-json\/wp\/v2\/media?parent=556"}],"wp:term":[{"taxonomy":"product_cat","embeddable":true,"href":"https:\/\/bafrapidecoskunkuru.com\/index.php\/wp-json\/wp\/v2\/product_cat?post=556"},{"taxonomy":"product_tag","embeddable":true,"href":"https:\/\/bafrapidecoskunkuru.com\/index.php\/wp-json\/wp\/v2\/product_tag?post=556"}],"curies":[{"name":"wp","href":"https:\/\/api.w.org\/{rel}","templated":true}]}}