{"id":568,"date":"2024-04-04T22:08:56","date_gmt":"2024-04-04T22:08:56","guid":{"rendered":"https:\/\/bafrapidecoskunkuru.com\/?post_type=product&#038;p=568"},"modified":"2026-02-23T14:13:05","modified_gmt":"2026-02-23T14:13:05","slug":"patatesli","status":"publish","type":"product","link":"https:\/\/bafrapidecoskunkuru.com\/index.php\/product\/patatesli\/","title":{"rendered":"PATATESL\u0130"},"content":{"rendered":"<p class=\"mpd-body--description\">Odun Ate\u015finde, Ek\u015fi Mayadan, Lifli Esmer Un, F\u0131r\u0131nlanm\u0131\u015f Patates, Trabzon Yay\u0131k Tereya\u011f\u0131<\/p>\n<div class=\"mpd-body--price-wrapper \"><\/div>\n","protected":false},"excerpt":{"rendered":"<p class=\"mpd-body--description\">Odun Ate\u015finde, Ek\u015fi Mayadan, Lifli Esmer Un, F\u0131r\u0131nlanm\u0131\u015f Patates, Trabzon Yay\u0131k Tereya\u011f\u0131<\/p>\n<div class=\"mpd-body--price-wrapper \"><\/div>\n","protected":false},"featured_media":567,"comment_status":"closed","ping_status":"closed","template":"","meta":[],"product_cat":[23],"product_tag":[],"class_list":["post-568","product","type-product","status-publish","has-post-thumbnail","hentry","product_cat-kapali-pideler"],"acf":[],"_links":{"self":[{"href":"https:\/\/bafrapidecoskunkuru.com\/index.php\/wp-json\/wp\/v2\/product\/568","targetHints":{"allow":["GET"]}}],"collection":[{"href":"https:\/\/bafrapidecoskunkuru.com\/index.php\/wp-json\/wp\/v2\/product"}],"about":[{"href":"https:\/\/bafrapidecoskunkuru.com\/index.php\/wp-json\/wp\/v2\/types\/product"}],"replies":[{"embeddable":true,"href":"https:\/\/bafrapidecoskunkuru.com\/index.php\/wp-json\/wp\/v2\/comments?post=568"}],"wp:featuredmedia":[{"embeddable":true,"href":"https:\/\/bafrapidecoskunkuru.com\/index.php\/wp-json\/wp\/v2\/media\/567"}],"wp:attachment":[{"href":"https:\/\/bafrapidecoskunkuru.com\/index.php\/wp-json\/wp\/v2\/media?parent=568"}],"wp:term":[{"taxonomy":"product_cat","embeddable":true,"href":"https:\/\/bafrapidecoskunkuru.com\/index.php\/wp-json\/wp\/v2\/product_cat?post=568"},{"taxonomy":"product_tag","embeddable":true,"href":"https:\/\/bafrapidecoskunkuru.com\/index.php\/wp-json\/wp\/v2\/product_tag?post=568"}],"curies":[{"name":"wp","href":"https:\/\/api.w.org\/{rel}","templated":true}]}}