{"id":574,"date":"2024-04-04T22:12:14","date_gmt":"2024-04-04T22:12:14","guid":{"rendered":"https:\/\/bafrapidecoskunkuru.com\/?post_type=product&#038;p=574"},"modified":"2026-02-23T14:10:38","modified_gmt":"2026-02-23T14:10:38","slug":"coskun-ustanin-favorisi","status":"publish","type":"product","link":"https:\/\/bafrapidecoskunkuru.com\/index.php\/product\/coskun-ustanin-favorisi\/","title":{"rendered":"CO\u015eKUN USTA&#8217;NIN FAVOR\u0130S\u0130"},"content":{"rendered":"<p class=\"mpd-body--description\">Odun Ate\u015finde, Ek\u015fi Mayadan, Lifli Esmer Un, Kayseri \u00c7emensiz Past\u0131rma , Taze Ka\u015far, G\u00f6yn\u00fck Yumurtas\u0131, Trabzon Yay\u0131k Tereya\u011f\u0131<\/p>\n<div class=\"mpd-body--price-wrapper \"><\/div>\n","protected":false},"excerpt":{"rendered":"<p class=\"mpd-body--description\">Odun Ate\u015finde, Ek\u015fi Mayadan, Lifli Esmer Un, Kayseri \u00c7emensiz Past\u0131rma , Taze Ka\u015far, G\u00f6yn\u00fck Yumurtas\u0131, Trabzon Yay\u0131k Tereya\u011f\u0131<\/p>\n<div class=\"mpd-body--price-wrapper \"><\/div>\n","protected":false},"featured_media":577,"comment_status":"closed","ping_status":"closed","template":"","meta":[],"product_cat":[24],"product_tag":[],"class_list":["post-574","product","type-product","status-publish","has-post-thumbnail","hentry","product_cat-yuvarlak-pideler"],"acf":[],"_links":{"self":[{"href":"https:\/\/bafrapidecoskunkuru.com\/index.php\/wp-json\/wp\/v2\/product\/574","targetHints":{"allow":["GET"]}}],"collection":[{"href":"https:\/\/bafrapidecoskunkuru.com\/index.php\/wp-json\/wp\/v2\/product"}],"about":[{"href":"https:\/\/bafrapidecoskunkuru.com\/index.php\/wp-json\/wp\/v2\/types\/product"}],"replies":[{"embeddable":true,"href":"https:\/\/bafrapidecoskunkuru.com\/index.php\/wp-json\/wp\/v2\/comments?post=574"}],"wp:featuredmedia":[{"embeddable":true,"href":"https:\/\/bafrapidecoskunkuru.com\/index.php\/wp-json\/wp\/v2\/media\/577"}],"wp:attachment":[{"href":"https:\/\/bafrapidecoskunkuru.com\/index.php\/wp-json\/wp\/v2\/media?parent=574"}],"wp:term":[{"taxonomy":"product_cat","embeddable":true,"href":"https:\/\/bafrapidecoskunkuru.com\/index.php\/wp-json\/wp\/v2\/product_cat?post=574"},{"taxonomy":"product_tag","embeddable":true,"href":"https:\/\/bafrapidecoskunkuru.com\/index.php\/wp-json\/wp\/v2\/product_tag?post=574"}],"curies":[{"name":"wp","href":"https:\/\/api.w.org\/{rel}","templated":true}]}}