{"id":579,"date":"2024-04-04T22:15:01","date_gmt":"2024-04-04T22:15:01","guid":{"rendered":"https:\/\/bafrapidecoskunkuru.com\/?post_type=product&#038;p=579"},"modified":"2026-02-23T14:09:46","modified_gmt":"2026-02-23T14:09:46","slug":"karisik","status":"publish","type":"product","link":"https:\/\/bafrapidecoskunkuru.com\/index.php\/product\/karisik\/","title":{"rendered":"KARI\u015eIK"},"content":{"rendered":"<p class=\"mpd-body--description\">Odun Ate\u015finde, Ek\u015fi Mayadan, Lifli Esmer Un, \u00d6zel Seri Kavurma,<br \/>\nKayseri Past\u0131rmas\u0131, Dana Sucuk, Taze Ka\u015far, G\u00f6yn\u00fck Yumurtas\u0131, Trabzon Yay\u0131k Tereya\u011f\u0131<\/p>\n","protected":false},"excerpt":{"rendered":"<p class=\"mpd-body--description\">Odun Ate\u015finde, Ek\u015fi Mayadan, Lifli Esmer Un, \u00d6zel Seri Kavurma,<br \/>\nKayseri Past\u0131rmas\u0131, Dana Sucuk, Taze Ka\u015far, G\u00f6yn\u00fck Yumurtas\u0131, Trabzon Yay\u0131k Tereya\u011f\u0131<\/p>\n","protected":false},"featured_media":582,"comment_status":"closed","ping_status":"closed","template":"","meta":[],"product_cat":[24],"product_tag":[],"class_list":["post-579","product","type-product","status-publish","has-post-thumbnail","hentry","product_cat-yuvarlak-pideler"],"acf":[],"_links":{"self":[{"href":"https:\/\/bafrapidecoskunkuru.com\/index.php\/wp-json\/wp\/v2\/product\/579","targetHints":{"allow":["GET"]}}],"collection":[{"href":"https:\/\/bafrapidecoskunkuru.com\/index.php\/wp-json\/wp\/v2\/product"}],"about":[{"href":"https:\/\/bafrapidecoskunkuru.com\/index.php\/wp-json\/wp\/v2\/types\/product"}],"replies":[{"embeddable":true,"href":"https:\/\/bafrapidecoskunkuru.com\/index.php\/wp-json\/wp\/v2\/comments?post=579"}],"wp:featuredmedia":[{"embeddable":true,"href":"https:\/\/bafrapidecoskunkuru.com\/index.php\/wp-json\/wp\/v2\/media\/582"}],"wp:attachment":[{"href":"https:\/\/bafrapidecoskunkuru.com\/index.php\/wp-json\/wp\/v2\/media?parent=579"}],"wp:term":[{"taxonomy":"product_cat","embeddable":true,"href":"https:\/\/bafrapidecoskunkuru.com\/index.php\/wp-json\/wp\/v2\/product_cat?post=579"},{"taxonomy":"product_tag","embeddable":true,"href":"https:\/\/bafrapidecoskunkuru.com\/index.php\/wp-json\/wp\/v2\/product_tag?post=579"}],"curies":[{"name":"wp","href":"https:\/\/api.w.org\/{rel}","templated":true}]}}