{"id":595,"date":"2024-04-08T20:56:28","date_gmt":"2024-04-08T20:56:28","guid":{"rendered":"https:\/\/bafrapidecoskunkuru.com\/?post_type=product&#038;p=595"},"modified":"2026-02-23T12:19:00","modified_gmt":"2026-02-23T12:19:00","slug":"kasarli-sucuklu","status":"publish","type":"product","link":"https:\/\/bafrapidecoskunkuru.com\/index.php\/product\/kasarli-sucuklu\/","title":{"rendered":"KA\u015eARLI SUCUKLU"},"content":{"rendered":"<p>Odun Ate\u015finde, Ek\u015fi Mayadan, Lifli Esmer Un, Co\u015fkun Dana Sucuk , Taze Ka\u015far, G\u00f6yn\u00fck Yumurtas\u0131, Trabzon Yay\u0131k Tereya\u011f\u0131<\/p>\n","protected":false},"excerpt":{"rendered":"<p>Odun Ate\u015finde, Ek\u015fi Mayadan, Lifli Esmer Un, Co\u015fkun Dana Sucuk , Taze Ka\u015far, G\u00f6yn\u00fck Yumurtas\u0131, Trabzon Yay\u0131k Tereya\u011f\u0131<\/p>\n","protected":false},"featured_media":598,"comment_status":"closed","ping_status":"closed","template":"","meta":[],"product_cat":[24],"product_tag":[],"class_list":["post-595","product","type-product","status-publish","has-post-thumbnail","hentry","product_cat-yuvarlak-pideler"],"acf":[],"_links":{"self":[{"href":"https:\/\/bafrapidecoskunkuru.com\/index.php\/wp-json\/wp\/v2\/product\/595","targetHints":{"allow":["GET"]}}],"collection":[{"href":"https:\/\/bafrapidecoskunkuru.com\/index.php\/wp-json\/wp\/v2\/product"}],"about":[{"href":"https:\/\/bafrapidecoskunkuru.com\/index.php\/wp-json\/wp\/v2\/types\/product"}],"replies":[{"embeddable":true,"href":"https:\/\/bafrapidecoskunkuru.com\/index.php\/wp-json\/wp\/v2\/comments?post=595"}],"wp:featuredmedia":[{"embeddable":true,"href":"https:\/\/bafrapidecoskunkuru.com\/index.php\/wp-json\/wp\/v2\/media\/598"}],"wp:attachment":[{"href":"https:\/\/bafrapidecoskunkuru.com\/index.php\/wp-json\/wp\/v2\/media?parent=595"}],"wp:term":[{"taxonomy":"product_cat","embeddable":true,"href":"https:\/\/bafrapidecoskunkuru.com\/index.php\/wp-json\/wp\/v2\/product_cat?post=595"},{"taxonomy":"product_tag","embeddable":true,"href":"https:\/\/bafrapidecoskunkuru.com\/index.php\/wp-json\/wp\/v2\/product_tag?post=595"}],"curies":[{"name":"wp","href":"https:\/\/api.w.org\/{rel}","templated":true}]}}