{"id":607,"date":"2024-04-08T21:00:25","date_gmt":"2024-04-08T21:00:25","guid":{"rendered":"https:\/\/bafrapidecoskunkuru.com\/?post_type=product&#038;p=607"},"modified":"2026-02-23T12:14:30","modified_gmt":"2026-02-23T12:14:30","slug":"kasarli-ispanakli","status":"publish","type":"product","link":"https:\/\/bafrapidecoskunkuru.com\/index.php\/product\/kasarli-ispanakli\/","title":{"rendered":"KA\u015eARLI ISPANAKLI"},"content":{"rendered":"<p>Odun Ate\u015finde, Ek\u015fi Mayadan, Lifli Esmer Un, K\u00f6rpe Ispanak, Taze Ka\u015far, G\u00f6yn\u00fck Yumurtas\u0131, Trabzon Yay\u0131k Tereya\u011f\u0131<\/p>\n","protected":false},"excerpt":{"rendered":"<p>Odun Ate\u015finde, Ek\u015fi Mayadan, Lifli Esmer Un, K\u00f6rpe Ispanak, Taze Ka\u015far, G\u00f6yn\u00fck Yumurtas\u0131, Trabzon Yay\u0131k Tereya\u011f\u0131<\/p>\n","protected":false},"featured_media":610,"comment_status":"closed","ping_status":"closed","template":"","meta":[],"product_cat":[24],"product_tag":[],"class_list":["post-607","product","type-product","status-publish","has-post-thumbnail","hentry","product_cat-yuvarlak-pideler"],"acf":[],"_links":{"self":[{"href":"https:\/\/bafrapidecoskunkuru.com\/index.php\/wp-json\/wp\/v2\/product\/607","targetHints":{"allow":["GET"]}}],"collection":[{"href":"https:\/\/bafrapidecoskunkuru.com\/index.php\/wp-json\/wp\/v2\/product"}],"about":[{"href":"https:\/\/bafrapidecoskunkuru.com\/index.php\/wp-json\/wp\/v2\/types\/product"}],"replies":[{"embeddable":true,"href":"https:\/\/bafrapidecoskunkuru.com\/index.php\/wp-json\/wp\/v2\/comments?post=607"}],"wp:featuredmedia":[{"embeddable":true,"href":"https:\/\/bafrapidecoskunkuru.com\/index.php\/wp-json\/wp\/v2\/media\/610"}],"wp:attachment":[{"href":"https:\/\/bafrapidecoskunkuru.com\/index.php\/wp-json\/wp\/v2\/media?parent=607"}],"wp:term":[{"taxonomy":"product_cat","embeddable":true,"href":"https:\/\/bafrapidecoskunkuru.com\/index.php\/wp-json\/wp\/v2\/product_cat?post=607"},{"taxonomy":"product_tag","embeddable":true,"href":"https:\/\/bafrapidecoskunkuru.com\/index.php\/wp-json\/wp\/v2\/product_tag?post=607"}],"curies":[{"name":"wp","href":"https:\/\/api.w.org\/{rel}","templated":true}]}}