{"id":611,"date":"2024-04-08T21:04:33","date_gmt":"2024-04-08T21:04:33","guid":{"rendered":"https:\/\/bafrapidecoskunkuru.com\/?post_type=product&#038;p=611"},"modified":"2026-02-23T12:12:51","modified_gmt":"2026-02-23T12:12:51","slug":"kasarli-patatesli","status":"publish","type":"product","link":"https:\/\/bafrapidecoskunkuru.com\/index.php\/product\/kasarli-patatesli\/","title":{"rendered":"KA\u015eARLI PATATESL\u0130"},"content":{"rendered":"<p>Odun Ate\u015finde, Ek\u015fi Mayadan, Lifli Esmer Un, F\u0131r\u0131nlanm\u0131\u015f Patates, Taze Ka\u015far, Trabzon Yay\u0131k Tereya\u011f\u0131<\/p>\n","protected":false},"excerpt":{"rendered":"<p>Odun Ate\u015finde, Ek\u015fi Mayadan, Lifli Esmer Un, F\u0131r\u0131nlanm\u0131\u015f Patates, Taze Ka\u015far, Trabzon Yay\u0131k Tereya\u011f\u0131<\/p>\n","protected":false},"featured_media":614,"comment_status":"closed","ping_status":"closed","template":"","meta":[],"product_cat":[24],"product_tag":[],"class_list":["post-611","product","type-product","status-publish","has-post-thumbnail","hentry","product_cat-yuvarlak-pideler"],"acf":[],"_links":{"self":[{"href":"https:\/\/bafrapidecoskunkuru.com\/index.php\/wp-json\/wp\/v2\/product\/611","targetHints":{"allow":["GET"]}}],"collection":[{"href":"https:\/\/bafrapidecoskunkuru.com\/index.php\/wp-json\/wp\/v2\/product"}],"about":[{"href":"https:\/\/bafrapidecoskunkuru.com\/index.php\/wp-json\/wp\/v2\/types\/product"}],"replies":[{"embeddable":true,"href":"https:\/\/bafrapidecoskunkuru.com\/index.php\/wp-json\/wp\/v2\/comments?post=611"}],"wp:featuredmedia":[{"embeddable":true,"href":"https:\/\/bafrapidecoskunkuru.com\/index.php\/wp-json\/wp\/v2\/media\/614"}],"wp:attachment":[{"href":"https:\/\/bafrapidecoskunkuru.com\/index.php\/wp-json\/wp\/v2\/media?parent=611"}],"wp:term":[{"taxonomy":"product_cat","embeddable":true,"href":"https:\/\/bafrapidecoskunkuru.com\/index.php\/wp-json\/wp\/v2\/product_cat?post=611"},{"taxonomy":"product_tag","embeddable":true,"href":"https:\/\/bafrapidecoskunkuru.com\/index.php\/wp-json\/wp\/v2\/product_tag?post=611"}],"curies":[{"name":"wp","href":"https:\/\/api.w.org\/{rel}","templated":true}]}}