{"id":674,"date":"2024-04-08T23:58:01","date_gmt":"2024-04-08T23:58:01","guid":{"rendered":"https:\/\/bafrapidecoskunkuru.com\/?post_type=product&#038;p=674"},"modified":"2026-02-23T14:25:40","modified_gmt":"2026-02-23T14:25:40","slug":"hamsikoy-firin-sutlac","status":"publish","type":"product","link":"https:\/\/bafrapidecoskunkuru.com\/index.php\/product\/hamsikoy-firin-sutlac\/","title":{"rendered":"HAMS\u0130K\u00d6Y FIRIN S\u00dcTLA\u00c7"},"content":{"rendered":"<p>G\u00fcve\u00e7te Hamsik\u00f6y S\u00fctlac\u0131, \u00dczerine Giresun F\u0131nd\u0131\u011f\u0131<\/p>\n","protected":false},"excerpt":{"rendered":"<p>G\u00fcve\u00e7te Hamsik\u00f6y S\u00fctlac\u0131, \u00dczerine Giresun F\u0131nd\u0131\u011f\u0131<\/p>\n","protected":false},"featured_media":675,"comment_status":"closed","ping_status":"closed","template":"","meta":[],"product_cat":[28],"product_tag":[],"class_list":["post-674","product","type-product","status-publish","has-post-thumbnail","hentry","product_cat-tatlilar"],"acf":[],"_links":{"self":[{"href":"https:\/\/bafrapidecoskunkuru.com\/index.php\/wp-json\/wp\/v2\/product\/674","targetHints":{"allow":["GET"]}}],"collection":[{"href":"https:\/\/bafrapidecoskunkuru.com\/index.php\/wp-json\/wp\/v2\/product"}],"about":[{"href":"https:\/\/bafrapidecoskunkuru.com\/index.php\/wp-json\/wp\/v2\/types\/product"}],"replies":[{"embeddable":true,"href":"https:\/\/bafrapidecoskunkuru.com\/index.php\/wp-json\/wp\/v2\/comments?post=674"}],"wp:featuredmedia":[{"embeddable":true,"href":"https:\/\/bafrapidecoskunkuru.com\/index.php\/wp-json\/wp\/v2\/media\/675"}],"wp:attachment":[{"href":"https:\/\/bafrapidecoskunkuru.com\/index.php\/wp-json\/wp\/v2\/media?parent=674"}],"wp:term":[{"taxonomy":"product_cat","embeddable":true,"href":"https:\/\/bafrapidecoskunkuru.com\/index.php\/wp-json\/wp\/v2\/product_cat?post=674"},{"taxonomy":"product_tag","embeddable":true,"href":"https:\/\/bafrapidecoskunkuru.com\/index.php\/wp-json\/wp\/v2\/product_tag?post=674"}],"curies":[{"name":"wp","href":"https:\/\/api.w.org\/{rel}","templated":true}]}}