{"id":892,"date":"2026-03-10T12:55:05","date_gmt":"2026-03-10T12:55:05","guid":{"rendered":"https:\/\/bafrapidecoskunkuru.com\/?post_type=product&#038;p=892"},"modified":"2026-03-11T11:12:13","modified_gmt":"2026-03-11T11:12:13","slug":"eski-kasar","status":"publish","type":"product","link":"https:\/\/bafrapidecoskunkuru.com\/index.php\/product\/eski-kasar\/","title":{"rendered":"ESK\u0130 KA\u015eAR"},"content":{"rendered":"<p>\u00d6zenle se\u00e7ilmi\u015f s\u00fctlerden \u00fcretilen eski ka\u015far peyniri, uzun s\u00fcre olgunla\u015ft\u0131r\u0131larak kendine \u00f6zg\u00fc yo\u011fun aroma ve sert yap\u0131ya ula\u015f\u0131r. Geleneksel y\u00f6ntemlerle haz\u0131rlanan bu peynir, bekleme s\u00fcresi boyunca lezzetini geli\u015ftirir ve karakteristik tad\u0131n\u0131 kazan\u0131r. Kahvalt\u0131larda, sandvi\u00e7lerde ve yemeklerde kullan\u0131ma uygun olan eski ka\u015far, g\u00fc\u00e7l\u00fc aromas\u0131 ve zengin lezzetiyle peynir severlerin vazge\u00e7ilmezidir.<\/p>\n","protected":false},"excerpt":{"rendered":"<p>\u00d6zenle se\u00e7ilmi\u015f s\u00fctlerden \u00fcretilen eski ka\u015far peyniri, uzun s\u00fcre olgunla\u015ft\u0131r\u0131larak kendine \u00f6zg\u00fc yo\u011fun aroma ve sert yap\u0131ya ula\u015f\u0131r. Geleneksel y\u00f6ntemlerle haz\u0131rlanan bu peynir, bekleme s\u00fcresi boyunca lezzetini geli\u015ftirir ve karakteristik tad\u0131n\u0131 kazan\u0131r. Kahvalt\u0131larda, sandvi\u00e7lerde ve yemeklerde kullan\u0131ma uygun olan eski ka\u015far, g\u00fc\u00e7l\u00fc aromas\u0131 ve zengin lezzetiyle peynir severlerin vazge\u00e7ilmezidir.<\/p>\n","protected":false},"featured_media":923,"comment_status":"open","ping_status":"closed","template":"","meta":[],"product_cat":[29],"product_tag":[],"class_list":["post-892","product","type-product","status-publish","has-post-thumbnail","hentry","product_cat-yoresel-urunler"],"acf":[],"_links":{"self":[{"href":"https:\/\/bafrapidecoskunkuru.com\/index.php\/wp-json\/wp\/v2\/product\/892","targetHints":{"allow":["GET"]}}],"collection":[{"href":"https:\/\/bafrapidecoskunkuru.com\/index.php\/wp-json\/wp\/v2\/product"}],"about":[{"href":"https:\/\/bafrapidecoskunkuru.com\/index.php\/wp-json\/wp\/v2\/types\/product"}],"replies":[{"embeddable":true,"href":"https:\/\/bafrapidecoskunkuru.com\/index.php\/wp-json\/wp\/v2\/comments?post=892"}],"wp:featuredmedia":[{"embeddable":true,"href":"https:\/\/bafrapidecoskunkuru.com\/index.php\/wp-json\/wp\/v2\/media\/923"}],"wp:attachment":[{"href":"https:\/\/bafrapidecoskunkuru.com\/index.php\/wp-json\/wp\/v2\/media?parent=892"}],"wp:term":[{"taxonomy":"product_cat","embeddable":true,"href":"https:\/\/bafrapidecoskunkuru.com\/index.php\/wp-json\/wp\/v2\/product_cat?post=892"},{"taxonomy":"product_tag","embeddable":true,"href":"https:\/\/bafrapidecoskunkuru.com\/index.php\/wp-json\/wp\/v2\/product_tag?post=892"}],"curies":[{"name":"wp","href":"https:\/\/api.w.org\/{rel}","templated":true}]}}